{"id":13,"date":"2019-05-25T10:31:16","date_gmt":"2019-05-25T08:31:16","guid":{"rendered":"http:\/\/www.artdent.si\/de\/?page_id=13"},"modified":"2019-05-25T10:32:03","modified_gmt":"2019-05-25T08:32:03","slug":"patientenrechte","status":"publish","type":"page","link":"http:\/\/www.artdent.si\/de\/patientenrechte\/","title":{"rendered":"Patientenrechte"},"content":{"rendered":"\n<p> Vertreter f\u00fcr Patientenrechte Gorenjska \/ Oberkrain: <strong>Hr. <\/strong> <strong> Avgust Rebi\u010d<\/strong><\/p>\n\n\n\n<h4 class=\"wp-block-heading\">Addresse:<\/h4>\n\n\n\n<p>ZZV Kranj<br>Vertreter f\u00fcr Patientenrechte<br>Hr. Avgust Rebi\u010d<br>Gosposvetska 12<br>4000 &#8211; Kranj<\/p>\n\n\n\n<h4 class=\"wp-block-heading\">Telefonische Bestellung:<\/h4>\n\n\n\n<div style=\"padding-left: 30px;\">+386(0)4 \/ 201 71 09; +386(0)1 \/ 189 34 95<\/div>\n\n\n\n<div style=\"padding-left: 30px;\"> <\/div>\n\n\n\n<div style=\"padding-left: 30px;\">e-Mail: <a href=\"mailto:avgust.rebic@zzv-kr.si\">avgust.rebic@zzv-kr.si<\/a><\/div>\n\n\n\n<div> <\/div>\n\n\n\n<h4 class=\"wp-block-heading\">B\u00fcrozeiten:<\/h4>\n\n\n\n<div class=\"pnlurnik\">\n<table class=\"urnik\">\n<tbody>\n<tr>\n<td>Mittwoch<\/td>\n<td class=\"urniktime\">12:00 &#8211; 20:00<\/td>\n<\/tr>\n<tr>\n<td>Donnerstag<\/td>\n<td class=\"urniktime\">7:00 &#8211; 15:00<\/td>\n<\/tr>\n<\/tbody>\n<\/table>\n<\/div>\n\n\n\n<p>Verantwortlich f\u00fcr die erste Untersuchung bei Verletzung von Patientenrechten: Ordination Jakeli\u0107 <\/p>\n\n\n\n<h4 class=\"wp-block-heading\">Adresse:<\/h4>\n\n\n\n<p>Hr. <strong>Mag. \u017deljko Jakeli\u0107,<\/strong> , dr. stom., Zahnarzt<br>Cesta M. Tita 78<br>4270 &#8211; Jesenice<br>Telefon: +386(0)4 5868 134<br>e-Mail: <a href=\"mailto:jakelic.z.s@siol.net\">jakelic.z.s@siol.net<\/a><\/p>\n\n\n\n<h4 class=\"wp-block-heading\">B\u00fcrozeiten:<\/h4>\n\n\n\n<div class=\"pnlurnik\">\n<table class=\"urnik\">\n<tbody>\n<tr>\n<td>Donnerstag<\/td>\n<td class=\"urniktime\">10:00 &#8211; 12:00<\/td>\n<\/tr>\n<\/tbody>\n<\/table>\n<\/div>\n\n\n\n<h4 class=\"wp-block-heading\">Liste der Vertreter f\u00fcr Patientenrechte:<\/h4>\n\n\n\n<p>Liste der Vertreter f\u00fcr Patientenrechte ist auf der Website des <a aria-label=\"Gesundheitsministeriums der Republik Slowenien verf\u00fcgbar (\u00f6ffnet in neuem Tab)\" rel=\"noreferrer noopener\" href=\"http:\/\/www.mz.gov.si\/si\/mz_za_vas\/pacientove_pravice\/zastopniki_pacientovih_pravic\/\" target=\"_blank\">Gesundheitsministeriums der Republik Slowenien verf\u00fcgbar<\/a>.<\/p>\n","protected":false},"excerpt":{"rendered":"<p>Vertreter f\u00fcr Patientenrechte Gorenjska \/ Oberkrain: Hr. Avgust Rebi\u010d Addresse: ZZV KranjVertreter f\u00fcr PatientenrechteHr. Avgust Rebi\u010dGosposvetska 124000 &#8211; Kranj Telefonische Bestellung: +386(0)4 \/ 201 71 09; +386(0)1 \/ 189 34 95 e-Mail: avgust.rebic@zzv-kr.si B\u00fcrozeiten: Mittwoch 12:00 &#8211; 20:00 Donnerstag 7:00 &#8211; 15:00 Verantwortlich f\u00fcr die erste Untersuchung bei Verletzung von Patientenrechten: Ordination Jakeli\u0107 Adresse: Hr. [&hellip;]<\/p>\n","protected":false},"author":1,"featured_media":0,"parent":0,"menu_order":0,"comment_status":"closed","ping_status":"closed","template":"","meta":[],"_links":{"self":[{"href":"http:\/\/www.artdent.si\/de\/wp-json\/wp\/v2\/pages\/13"}],"collection":[{"href":"http:\/\/www.artdent.si\/de\/wp-json\/wp\/v2\/pages"}],"about":[{"href":"http:\/\/www.artdent.si\/de\/wp-json\/wp\/v2\/types\/page"}],"author":[{"embeddable":true,"href":"http:\/\/www.artdent.si\/de\/wp-json\/wp\/v2\/users\/1"}],"replies":[{"embeddable":true,"href":"http:\/\/www.artdent.si\/de\/wp-json\/wp\/v2\/comments?post=13"}],"version-history":[{"count":2,"href":"http:\/\/www.artdent.si\/de\/wp-json\/wp\/v2\/pages\/13\/revisions"}],"predecessor-version":[{"id":15,"href":"http:\/\/www.artdent.si\/de\/wp-json\/wp\/v2\/pages\/13\/revisions\/15"}],"wp:attachment":[{"href":"http:\/\/www.artdent.si\/de\/wp-json\/wp\/v2\/media?parent=13"}],"curies":[{"name":"wp","href":"https:\/\/api.w.org\/{rel}","templated":true}]}}