{"id":18,"date":"2019-05-25T10:47:25","date_gmt":"2019-05-25T08:47:25","guid":{"rendered":"http:\/\/www.artdent.si\/de\/?page_id=18"},"modified":"2019-05-25T10:47:26","modified_gmt":"2019-05-25T08:47:26","slug":"endodontie","status":"publish","type":"page","link":"http:\/\/www.artdent.si\/de\/endodontie\/","title":{"rendered":"Endodontie"},"content":{"rendered":"\n<p>Die Behandlung des\nWurzelkanals ist indiziert bei umfangreichen kari\u00f6sen Prozessen sowie bei\ntiefen Zahnf\u00fcllungen oder bei geplanter prothetischer Behandlung. <\/p>\n\n\n\n<p>Wenn es zu einer\nEntz\u00fcndung der Zahnwurzel kommt, d.h. zu Pulpitis oder einer Zahnnekrose (Gangr\u00e4ne),\nmuss der Zahn unverz\u00fcglich behandelt werden, damit sich der Entz\u00fcndungsprozess\nnicht auf das Knochengewebe ausweitet. Wichtig dabei ist die Behandlung\nrechtzeitig durchzuf\u00fchren, um den Zahn zu erhalten. Ist das Innere des Zahns\nbzw. des Zahnmarks (Pulpa) entz\u00fcndet, verursacht dies anfangs m\u00e4\u00dfige, sp\u00e4ter\naber sehr starke Zahnschmerzen. Bei der Therapie des Wurzelkanals entfernt der\nZahnarzt die infizierte Zahnwurzel aus dem Wurzelkanal, erweitert und reinigt\ndiesen manuell oder mit maschinellen betriebenen Ger\u00e4ten. Erst danach wird als\nspezielles F\u00fcllmaterial eine medikament\u00f6se Einlage appliziert und der Zahn\nhermetisch verschlossen. \u00dcblicherweise erfolgt die Behandlung in zwei Phasen,\ndie bei sehr schweren Entz\u00fcndungen und zystischen Prozessen auch mehrere Monate\ndauern kann. <\/p>\n\n\n\n<p>Abgeschlossen wird\ndie Behandlung des Wurzelkanals mit einer F\u00fcllung und Versiegelung. Nach jeder\nBehandlung des Wurzelkanals wird eine R\u00f6ntgenaufnahme vorgenommen. Bei\nerfolgreicher Behandlung kann der Zahn als sogenannter prothetischer Anker eine\nwichtige Rolle einnehmen. <\/p>\n\n\n\n<p>Seit 2018 verwenden\nwir bei der Zahnwurzelkanalbehandlung optional Instrumente von VDW, eine f\u00fcr\nKassenpatienten aufpreispflichtige Dienstleistung. <\/p>\n\n\n\n<figure class=\"wp-block-image\"><a href=\"http:\/\/www.artdent.si\/wp-content\/uploads\/2012\/10\/slika14.png\"><img decoding=\"async\" src=\"http:\/\/www.artdent.si\/wp-content\/uploads\/2012\/10\/slika14-300x192.png\" alt=\"\" class=\"wp-image-203\"\/><\/a><\/figure>\n\n\n","protected":false},"excerpt":{"rendered":"<p>Die Behandlung des Wurzelkanals ist indiziert bei umfangreichen kari\u00f6sen Prozessen sowie bei tiefen Zahnf\u00fcllungen oder bei geplanter prothetischer Behandlung. Wenn es zu einer Entz\u00fcndung der Zahnwurzel kommt, d.h. zu Pulpitis oder einer Zahnnekrose (Gangr\u00e4ne), muss der Zahn unverz\u00fcglich behandelt werden, damit sich der Entz\u00fcndungsprozess nicht auf das Knochengewebe ausweitet. Wichtig dabei ist die Behandlung rechtzeitig [&hellip;]<\/p>\n","protected":false},"author":1,"featured_media":0,"parent":0,"menu_order":0,"comment_status":"closed","ping_status":"closed","template":"","meta":[],"_links":{"self":[{"href":"http:\/\/www.artdent.si\/de\/wp-json\/wp\/v2\/pages\/18"}],"collection":[{"href":"http:\/\/www.artdent.si\/de\/wp-json\/wp\/v2\/pages"}],"about":[{"href":"http:\/\/www.artdent.si\/de\/wp-json\/wp\/v2\/types\/page"}],"author":[{"embeddable":true,"href":"http:\/\/www.artdent.si\/de\/wp-json\/wp\/v2\/users\/1"}],"replies":[{"embeddable":true,"href":"http:\/\/www.artdent.si\/de\/wp-json\/wp\/v2\/comments?post=18"}],"version-history":[{"count":1,"href":"http:\/\/www.artdent.si\/de\/wp-json\/wp\/v2\/pages\/18\/revisions"}],"predecessor-version":[{"id":19,"href":"http:\/\/www.artdent.si\/de\/wp-json\/wp\/v2\/pages\/18\/revisions\/19"}],"wp:attachment":[{"href":"http:\/\/www.artdent.si\/de\/wp-json\/wp\/v2\/media?parent=18"}],"curies":[{"name":"wp","href":"https:\/\/api.w.org\/{rel}","templated":true}]}}