{"id":20,"date":"2019-05-25T10:52:23","date_gmt":"2019-05-25T08:52:23","guid":{"rendered":"http:\/\/www.artdent.si\/de\/?page_id=20"},"modified":"2019-05-25T10:52:24","modified_gmt":"2019-05-25T08:52:24","slug":"zahnaesthetik","status":"publish","type":"page","link":"http:\/\/www.artdent.si\/de\/zahnaesthetik\/","title":{"rendered":"Zahn\u00e4sthetik"},"content":{"rendered":"\n<ul><li>Professionelle Zahnreinigung, bei Bedarf auch Pulverstrahlreinigung.\u00a0 <\/li><li>Zahnaufhellung \/ Bleaching. <\/li><li>Austausch von alten un\u00e4sthetischen wei\u00dfen F\u00fcllungen und alten Amalgamf\u00fcllungen mit modernen wei\u00dfen F\u00fcllungsmaterialien, Inlays oder Onlays. <\/li><li>Austausch von alten inad\u00e4quaten Zahnkronen und Zahnbr\u00fccken mit neuen qualitativ  hochwertigen \u00e4sthetischen Zahnkronen oder Zahnbr\u00fccken aus Keramik; die \u00e4sthetisch besten Resultate erhalten wir durch Einsatz von Zirkon-Keramik,  Verbund-Metall-Keramik und Vollkeramik. <\/li><li>Falls sie die \u00c4sthetik ihres L\u00e4chelns verbessern wollen erm\u00f6glichen dies keramische \u00a0Facetten oder Veneers, die an der Zahnvorderseite angebracht werden. <\/li><li>Anpassen von Zahnschmuck Skyce. <\/li><\/ul>\n\n\n\n<figure class=\"wp-block-image\"><a href=\"http:\/\/www.artdent.si\/wp-content\/uploads\/2012\/10\/slika12.png\"><img decoding=\"async\" src=\"http:\/\/www.artdent.si\/wp-content\/uploads\/2012\/10\/slika12-300x192.png\" alt=\"zobni nakit\" class=\"wp-image-167\"\/><\/a><\/figure>\n\n\n\n<p><\/p>\n","protected":false},"excerpt":{"rendered":"<p>Professionelle Zahnreinigung, bei Bedarf auch Pulverstrahlreinigung.\u00a0 Zahnaufhellung \/ Bleaching. Austausch von alten un\u00e4sthetischen wei\u00dfen F\u00fcllungen und alten Amalgamf\u00fcllungen mit modernen wei\u00dfen F\u00fcllungsmaterialien, Inlays oder Onlays. Austausch von alten inad\u00e4quaten Zahnkronen und Zahnbr\u00fccken mit neuen qualitativ hochwertigen \u00e4sthetischen Zahnkronen oder Zahnbr\u00fccken aus Keramik; die \u00e4sthetisch besten Resultate erhalten wir durch Einsatz von Zirkon-Keramik, Verbund-Metall-Keramik und Vollkeramik. [&hellip;]<\/p>\n","protected":false},"author":1,"featured_media":0,"parent":0,"menu_order":0,"comment_status":"closed","ping_status":"closed","template":"","meta":[],"_links":{"self":[{"href":"http:\/\/www.artdent.si\/de\/wp-json\/wp\/v2\/pages\/20"}],"collection":[{"href":"http:\/\/www.artdent.si\/de\/wp-json\/wp\/v2\/pages"}],"about":[{"href":"http:\/\/www.artdent.si\/de\/wp-json\/wp\/v2\/types\/page"}],"author":[{"embeddable":true,"href":"http:\/\/www.artdent.si\/de\/wp-json\/wp\/v2\/users\/1"}],"replies":[{"embeddable":true,"href":"http:\/\/www.artdent.si\/de\/wp-json\/wp\/v2\/comments?post=20"}],"version-history":[{"count":1,"href":"http:\/\/www.artdent.si\/de\/wp-json\/wp\/v2\/pages\/20\/revisions"}],"predecessor-version":[{"id":21,"href":"http:\/\/www.artdent.si\/de\/wp-json\/wp\/v2\/pages\/20\/revisions\/21"}],"wp:attachment":[{"href":"http:\/\/www.artdent.si\/de\/wp-json\/wp\/v2\/media?parent=20"}],"curies":[{"name":"wp","href":"https:\/\/api.w.org\/{rel}","templated":true}]}}