{"id":22,"date":"2019-05-25T10:57:45","date_gmt":"2019-05-25T08:57:45","guid":{"rendered":"http:\/\/www.artdent.si\/de\/?page_id=22"},"modified":"2019-05-25T10:57:45","modified_gmt":"2019-05-25T08:57:45","slug":"fixe-prothetik","status":"publish","type":"page","link":"http:\/\/www.artdent.si\/de\/fixe-prothetik\/","title":{"rendered":"Fixe Prothetik"},"content":{"rendered":"\n<p>Fehlende Z\u00e4hne k\u00f6nnen mit einer Zahnkrone oder Zahnbr\u00fccke ersetzt werden. Wir fertigen klassische Kronen aus Metall-Keramik, Vollkeramik oder aus Zirkon-Keramik. Bei gesunder Zahnsubstanz stabilisieren wir den Zahn immer mit einem zus\u00e4tzlichen dentalen Stift, der von einem Zahnlabor hergestellt wird. Bis zur Fertigstellung wird ein provisorischer Zahnersatz angepasst.<\/p>\n\n\n\n<figure class=\"wp-block-image\"><a href=\"http:\/\/www.artdent.si\/wp-content\/uploads\/2012\/10\/slika8.png\"><img decoding=\"async\" src=\"http:\/\/www.artdent.si\/wp-content\/uploads\/2012\/10\/slika8-300x192.png\" alt=\"\" class=\"wp-image-163\"\/><\/a><\/figure>\n\n\n\n<figure class=\"wp-block-image\"><a href=\"http:\/\/www.artdent.si\/wp-content\/uploads\/2012\/10\/slika7.png\"><img decoding=\"async\" src=\"http:\/\/www.artdent.si\/wp-content\/uploads\/2012\/10\/slika7-300x192.png\" alt=\"\" class=\"wp-image-162\"\/><\/a><\/figure>\n\n\n\n<p> Verf\u00e4rbungen, Verletzungen und Frakturen behandeln wir mit keramischen Facetten (Veneers), die einen minimalen invasiven Eingriff erfordern.<\/p>\n\n\n\n<figure class=\"wp-block-image\"><a href=\"http:\/\/www.artdent.si\/wp-content\/uploads\/2012\/10\/slika6.png\"><img decoding=\"async\" src=\"http:\/\/www.artdent.si\/wp-content\/uploads\/2012\/10\/slika6-300x192.png\" alt=\"\" class=\"wp-image-161\"\/><\/a><\/figure>\n","protected":false},"excerpt":{"rendered":"<p>Fehlende Z\u00e4hne k\u00f6nnen mit einer Zahnkrone oder Zahnbr\u00fccke ersetzt werden. Wir fertigen klassische Kronen aus Metall-Keramik, Vollkeramik oder aus Zirkon-Keramik. Bei gesunder Zahnsubstanz stabilisieren wir den Zahn immer mit einem zus\u00e4tzlichen dentalen Stift, der von einem Zahnlabor hergestellt wird. Bis zur Fertigstellung wird ein provisorischer Zahnersatz angepasst. Verf\u00e4rbungen, Verletzungen und Frakturen behandeln wir mit keramischen [&hellip;]<\/p>\n","protected":false},"author":1,"featured_media":0,"parent":0,"menu_order":0,"comment_status":"closed","ping_status":"closed","template":"","meta":[],"_links":{"self":[{"href":"http:\/\/www.artdent.si\/de\/wp-json\/wp\/v2\/pages\/22"}],"collection":[{"href":"http:\/\/www.artdent.si\/de\/wp-json\/wp\/v2\/pages"}],"about":[{"href":"http:\/\/www.artdent.si\/de\/wp-json\/wp\/v2\/types\/page"}],"author":[{"embeddable":true,"href":"http:\/\/www.artdent.si\/de\/wp-json\/wp\/v2\/users\/1"}],"replies":[{"embeddable":true,"href":"http:\/\/www.artdent.si\/de\/wp-json\/wp\/v2\/comments?post=22"}],"version-history":[{"count":1,"href":"http:\/\/www.artdent.si\/de\/wp-json\/wp\/v2\/pages\/22\/revisions"}],"predecessor-version":[{"id":23,"href":"http:\/\/www.artdent.si\/de\/wp-json\/wp\/v2\/pages\/22\/revisions\/23"}],"wp:attachment":[{"href":"http:\/\/www.artdent.si\/de\/wp-json\/wp\/v2\/media?parent=22"}],"curies":[{"name":"wp","href":"https:\/\/api.w.org\/{rel}","templated":true}]}}