{"id":24,"date":"2019-05-25T11:07:08","date_gmt":"2019-05-25T09:07:08","guid":{"rendered":"http:\/\/www.artdent.si\/de\/?page_id=24"},"modified":"2021-08-19T09:45:21","modified_gmt":"2021-08-19T07:45:21","slug":"wo-wir-sind","status":"publish","type":"page","link":"http:\/\/www.artdent.si\/de\/wo-wir-sind\/","title":{"rendered":"Wo wir sind?"},"content":{"rendered":"\n<p>ZZ Artdent Bled, PE Jesenice befindet sich in ZD Jesenice, Titova 78, 4270 Jesenice, 2. Stock.<\/p>\n\n\n\n<p>Geo punkt : N 46.44014797446284, E 14.044945306866556<\/p>\n\n\n\n<figure><iframe loading=\"lazy\" width=\"725\" height=\"450\" src=\"https:\/\/maps.google.com\/maps?f=q&amp;source=s_q&amp;hl=sl&amp;geocode=&amp;q=Cesta+Mar%C5%A1ala+Tita+78,+Jesenice,+Slovenija&amp;aq=0&amp;oq=t&amp;sll=38.9419,-78.302&amp;sspn=3.755153,8.453979&amp;ie=UTF8&amp;hq=&amp;hnear=Cesta+Mar%C5%A1ala+Tita+78,+4270+Jesenice,+Slovenija&amp;t=m&amp;ll=46.442737,14.044991&amp;spn=0.013307,0.031071&amp;z=14&amp;iwloc=&amp;output=embed\"><\/iframe><\/figure>\n\n\n\n<figure><iframe loading=\"lazy\" width=\"725\" height=\"450\" src=\"https:\/\/maps.google.com\/maps?f=q&amp;source=s_q&amp;hl=sl&amp;geocode=&amp;q=Cesta+Mar%C5%A1ala+Tita+78,+Jesenice,+Slovenija&amp;aq=0&amp;oq=t&amp;sll=38.9419,-78.302&amp;sspn=3.755153,8.453979&amp;ie=UTF8&amp;hq=&amp;hnear=Cesta+Mar%C5%A1ala+Tita+78,+4270+Jesenice,+Slovenija&amp;t=h&amp;ll=46.440252,14.044433&amp;spn=0.003327,0.007768&amp;z=17&amp;iwloc=A&amp;output=embed\"><\/iframe><\/figure>\n\n\n\n<p><a href=\"https:\/\/maps.google.com\/maps?f=q&amp;source=embed&amp;hl=sl&amp;geocode=&amp;q=Cesta+Mar%C5%A1ala+Tita+78,+Jesenice,+Slovenija&amp;aq=0&amp;oq=t&amp;sll=38.9419,-78.302&amp;sspn=3.755153,8.453979&amp;ie=UTF8&amp;hq=&amp;hnear=Cesta+Mar%C5%A1ala+Tita+78,+4270+Jesenice,+Slovenija&amp;t=h&amp;ll=46.440252,14.044433&amp;spn=0.003327,0.007768&amp;z=17&amp;iwloc=A\" target=\"_blank\" rel=\"noreferrer noopener\" aria-label=\"Gr\u00f6\u00dfere Karte anzeigen (\u00f6ffnet in neuem Tab)\">Gr\u00f6\u00dfere Karte anzeigen<\/a><\/p>\n","protected":false},"excerpt":{"rendered":"<p>ZZ Artdent Bled, PE Jesenice befindet sich in ZD Jesenice, Titova 78, 4270 Jesenice, 2. Stock. Geo punkt : N 46.44014797446284, E 14.044945306866556 Gr\u00f6\u00dfere Karte anzeigen<\/p>\n","protected":false},"author":1,"featured_media":0,"parent":0,"menu_order":0,"comment_status":"closed","ping_status":"closed","template":"","meta":[],"_links":{"self":[{"href":"http:\/\/www.artdent.si\/de\/wp-json\/wp\/v2\/pages\/24"}],"collection":[{"href":"http:\/\/www.artdent.si\/de\/wp-json\/wp\/v2\/pages"}],"about":[{"href":"http:\/\/www.artdent.si\/de\/wp-json\/wp\/v2\/types\/page"}],"author":[{"embeddable":true,"href":"http:\/\/www.artdent.si\/de\/wp-json\/wp\/v2\/users\/1"}],"replies":[{"embeddable":true,"href":"http:\/\/www.artdent.si\/de\/wp-json\/wp\/v2\/comments?post=24"}],"version-history":[{"count":3,"href":"http:\/\/www.artdent.si\/de\/wp-json\/wp\/v2\/pages\/24\/revisions"}],"predecessor-version":[{"id":171,"href":"http:\/\/www.artdent.si\/de\/wp-json\/wp\/v2\/pages\/24\/revisions\/171"}],"wp:attachment":[{"href":"http:\/\/www.artdent.si\/de\/wp-json\/wp\/v2\/media?parent=24"}],"curies":[{"name":"wp","href":"https:\/\/api.w.org\/{rel}","templated":true}]}}