{"id":31,"date":"2019-05-25T11:39:39","date_gmt":"2019-05-25T09:39:39","guid":{"rendered":"http:\/\/www.artdent.si\/de\/?page_id=31"},"modified":"2019-05-25T11:39:40","modified_gmt":"2019-05-25T09:39:40","slug":"nuetzliche-links","status":"publish","type":"page","link":"http:\/\/www.artdent.si\/de\/nuetzliche-links\/","title":{"rendered":"N\u00fctzliche Links"},"content":{"rendered":"\n<ul><li><a aria-label=\"Informationskommissar (\u00f6ffnet in neuem Tab)\" rel=\"noreferrer noopener\" href=\"http:\/\/www.ip-rs.si\" target=\"_blank\">Informationskommissar<\/a><\/li><li><a aria-label=\"Allgemeines zu Wartezeiten im Gesundheitswesen (\u00f6ffnet in neuem Tab)\" rel=\"noreferrer noopener\" href=\"http:\/\/www.ivz.si\/?ni=196\" target=\"_blank\">Allgemeines zu Wartezeiten im Gesundheitswesen<\/a><\/li><li><a aria-label=\"Informationen zu Wartezeiten (\u00f6ffnet in neuem Tab)\" rel=\"noreferrer noopener\" href=\"http:\/\/www.ivz.si\/cakalne_dobe\" target=\"_blank\">Informationen zu Wartezeiten<\/a><\/li><li><a aria-label=\"Institut f\u00fcr Volksgesundheit Kranj (\u00f6ffnet in neuem Tab)\" rel=\"noreferrer noopener\" href=\"http:\/\/www.zzv-kr.si\/\" target=\"_blank\">Institut f\u00fcr Volksgesundheit Kranj<\/a><\/li><li><a aria-label=\"Gesundheitsministerium der Republik Slowenien (\u00f6ffnet in neuem Tab)\" rel=\"noreferrer noopener\" href=\"http:\/\/www.mz.gov.si\/\" target=\"_blank\">Gesundheitsministerium der Republik Slowenien<\/a><\/li><li><a aria-label=\"Nationales Institut f\u00fcr \u00f6ffentliche Gesundheith (\u00f6ffnet in neuem Tab)\" rel=\"noreferrer noopener\" href=\"http:\/\/www.nijz.si\" target=\"_blank\">Nationales Institut f\u00fcr \u00f6ffentliche Gesundheith<\/a><\/li><li><a aria-label=\"ZZZS (\u00f6ffnet in neuem Tab)\" rel=\"noreferrer noopener\" href=\"http:\/\/www.zzzs.si\/\" target=\"_blank\">ZZZS<\/a><\/li><li><a href=\"http:\/\/www.zmok.si\/Informacije_o_posegih\/p\/3324\/l\/1\" target=\"_blank\" rel=\"noreferrer noopener\" aria-label=\"ZMOKS - Informationen zu Patienteninterventionen (\u00f6ffnet in neuem Tab)\">ZMOKS &#8211; Informationen zu Patienteninterventionen<\/a><\/li><\/ul>\n","protected":false},"excerpt":{"rendered":"<p>Informationskommissar Allgemeines zu Wartezeiten im Gesundheitswesen Informationen zu Wartezeiten Institut f\u00fcr Volksgesundheit Kranj Gesundheitsministerium der Republik Slowenien Nationales Institut f\u00fcr \u00f6ffentliche Gesundheith ZZZS ZMOKS &#8211; Informationen zu Patienteninterventionen<\/p>\n","protected":false},"author":1,"featured_media":0,"parent":0,"menu_order":0,"comment_status":"closed","ping_status":"closed","template":"","meta":[],"_links":{"self":[{"href":"http:\/\/www.artdent.si\/de\/wp-json\/wp\/v2\/pages\/31"}],"collection":[{"href":"http:\/\/www.artdent.si\/de\/wp-json\/wp\/v2\/pages"}],"about":[{"href":"http:\/\/www.artdent.si\/de\/wp-json\/wp\/v2\/types\/page"}],"author":[{"embeddable":true,"href":"http:\/\/www.artdent.si\/de\/wp-json\/wp\/v2\/users\/1"}],"replies":[{"embeddable":true,"href":"http:\/\/www.artdent.si\/de\/wp-json\/wp\/v2\/comments?post=31"}],"version-history":[{"count":1,"href":"http:\/\/www.artdent.si\/de\/wp-json\/wp\/v2\/pages\/31\/revisions"}],"predecessor-version":[{"id":32,"href":"http:\/\/www.artdent.si\/de\/wp-json\/wp\/v2\/pages\/31\/revisions\/32"}],"wp:attachment":[{"href":"http:\/\/www.artdent.si\/de\/wp-json\/wp\/v2\/media?parent=31"}],"curies":[{"name":"wp","href":"https:\/\/api.w.org\/{rel}","templated":true}]}}