{"id":37,"date":"2019-05-25T11:55:07","date_gmt":"2019-05-25T09:55:07","guid":{"rendered":"http:\/\/www.artdent.si\/de\/?page_id=37"},"modified":"2019-05-25T18:23:07","modified_gmt":"2019-05-25T16:23:07","slug":"vorstellung","status":"publish","type":"page","link":"http:\/\/www.artdent.si\/de\/","title":{"rendered":"Vorstellung"},"content":{"rendered":"\n<div class=\"wp-block-image\"><figure class=\"aligncenter is-resized\"><a href=\"http:\/\/www.artdent.si\/de\/wp-content\/uploads\/sites\/3\/2019\/05\/Artdent0.jpg\"><img decoding=\"async\" loading=\"lazy\" src=\"http:\/\/www.artdent.si\/de\/wp-content\/uploads\/sites\/3\/2019\/05\/Artdent0-1024x636.jpg\" alt=\"\" class=\"wp-image-88\" width=\"1024\" height=\"636\" srcset=\"http:\/\/www.artdent.si\/de\/wp-content\/uploads\/sites\/3\/2019\/05\/Artdent0-1024x636.jpg 1024w, http:\/\/www.artdent.si\/de\/wp-content\/uploads\/sites\/3\/2019\/05\/Artdent0-300x186.jpg 300w, http:\/\/www.artdent.si\/de\/wp-content\/uploads\/sites\/3\/2019\/05\/Artdent0-768x477.jpg 768w, http:\/\/www.artdent.si\/de\/wp-content\/uploads\/sites\/3\/2019\/05\/Artdent0-624x388.jpg 624w, http:\/\/www.artdent.si\/de\/wp-content\/uploads\/sites\/3\/2019\/05\/Artdent0.jpg 1128w\" sizes=\"(max-width: 1024px) 100vw, 1024px\" \/><\/a><\/figure><\/div>\n\n\n\n<p>Die Zahnklinik  <strong>ZZ Artdent Bled <\/strong> wurde im Februar 2012 gegr\u00fcndet und ist eine Fortentwicklung der Zahnarztpraxis Domen Jensterle (Dr. stom. med), die seit Juli 2000 t\u00e4tig ist. In unserer Ordination bieten wir ganzj\u00e4hrig einen zahn\u00e4rztlichen Service mit h\u00f6chsten Qualit\u00e4tsstandards an. Wir sind ein Verbindungsglied zwischen einer kassen\u00e4rztlichen und privat\u00e4rztlichen Zahnarztpraxis. <\/p>\n\n\n\n<p><strong>ZZ Artdent Bled<\/strong> hat ein Vertragsverh\u00e4ltnis sowohl mit der slowenischen gesetzlichen Krankenversicherung als auch mit den privaten Krankenversicherungen Vzajemna, Adriatic und Triglav. Den Kassenpatienten gew\u00e4hrleisten wir eine medizinische Grundversorgung entsprechend den Richtlinien des Versicherungstr\u00e4gers der gesetzlichen Krankenversicherung. Dar\u00fcber hinaus bieten wir Privatpatienten auch umfassende Mehrleistungen an, bei denen die modernsten Materialien und Techniken verwendet werden.  sdlocked0 Smart<\/p>\n\n\n<p><!--EndFragment--><\/p>","protected":false},"excerpt":{"rendered":"<p>Die Zahnklinik ZZ Artdent Bled wurde im Februar 2012 gegr\u00fcndet und ist eine Fortentwicklung der Zahnarztpraxis Domen Jensterle (Dr. stom. med), die seit Juli 2000 t\u00e4tig ist. In unserer Ordination bieten wir ganzj\u00e4hrig einen zahn\u00e4rztlichen Service mit h\u00f6chsten Qualit\u00e4tsstandards an. Wir sind ein Verbindungsglied zwischen einer kassen\u00e4rztlichen und privat\u00e4rztlichen Zahnarztpraxis. ZZ Artdent Bled hat ein [&hellip;]<\/p>\n","protected":false},"author":1,"featured_media":0,"parent":0,"menu_order":0,"comment_status":"closed","ping_status":"closed","template":"","meta":[],"_links":{"self":[{"href":"http:\/\/www.artdent.si\/de\/wp-json\/wp\/v2\/pages\/37"}],"collection":[{"href":"http:\/\/www.artdent.si\/de\/wp-json\/wp\/v2\/pages"}],"about":[{"href":"http:\/\/www.artdent.si\/de\/wp-json\/wp\/v2\/types\/page"}],"author":[{"embeddable":true,"href":"http:\/\/www.artdent.si\/de\/wp-json\/wp\/v2\/users\/1"}],"replies":[{"embeddable":true,"href":"http:\/\/www.artdent.si\/de\/wp-json\/wp\/v2\/comments?post=37"}],"version-history":[{"count":3,"href":"http:\/\/www.artdent.si\/de\/wp-json\/wp\/v2\/pages\/37\/revisions"}],"predecessor-version":[{"id":163,"href":"http:\/\/www.artdent.si\/de\/wp-json\/wp\/v2\/pages\/37\/revisions\/163"}],"wp:attachment":[{"href":"http:\/\/www.artdent.si\/de\/wp-json\/wp\/v2\/media?parent=37"}],"curies":[{"name":"wp","href":"https:\/\/api.w.org\/{rel}","templated":true}]}}