{"id":42,"date":"2019-05-25T12:09:29","date_gmt":"2019-05-25T10:09:29","guid":{"rendered":"http:\/\/www.artdent.si\/de\/?page_id=42"},"modified":"2019-05-25T12:09:30","modified_gmt":"2019-05-25T10:09:30","slug":"orale-chirurgie","status":"publish","type":"page","link":"http:\/\/www.artdent.si\/de\/orale-chirurgie\/","title":{"rendered":"Orale Chirurgie"},"content":{"rendered":"\n<p>Jeder chirurgische Eingriff erfolgt in Lokalan\u00e4sthesie und ist vollkommen schmerzlos. Normalerweise schmerzt nur die nach einer Zahnextraktion entstandene Wunde. Der Patient erh\u00e4lt Anweisungen wie er sich im Zeitraum nach der Extraktion verhalten soll. Unmittelbar nach dem Eingriff muss die Wunde gek\u00fchlt werden. Jeder extrahierte Zahn, davon ausgenommen sind die Weisheitsz\u00e4hne, muss mit einem prothetischen Ersatz ersetzt werden, um sp\u00e4teren Komplikationen vorzubeugen. <\/p>\n\n\n\n<figure class=\"wp-block-image\"><a href=\"http:\/\/www.artdent.si\/wp-content\/uploads\/2012\/10\/slika3.png\"><img decoding=\"async\" src=\"http:\/\/www.artdent.si\/wp-content\/uploads\/2012\/10\/slika3-300x192.png\" alt=\"\" class=\"wp-image-158\"\/><\/a><\/figure>\n","protected":false},"excerpt":{"rendered":"<p>Jeder chirurgische Eingriff erfolgt in Lokalan\u00e4sthesie und ist vollkommen schmerzlos. Normalerweise schmerzt nur die nach einer Zahnextraktion entstandene Wunde. Der Patient erh\u00e4lt Anweisungen wie er sich im Zeitraum nach der Extraktion verhalten soll. Unmittelbar nach dem Eingriff muss die Wunde gek\u00fchlt werden. Jeder extrahierte Zahn, davon ausgenommen sind die Weisheitsz\u00e4hne, muss mit einem prothetischen Ersatz [&hellip;]<\/p>\n","protected":false},"author":1,"featured_media":0,"parent":0,"menu_order":0,"comment_status":"closed","ping_status":"closed","template":"","meta":[],"_links":{"self":[{"href":"http:\/\/www.artdent.si\/de\/wp-json\/wp\/v2\/pages\/42"}],"collection":[{"href":"http:\/\/www.artdent.si\/de\/wp-json\/wp\/v2\/pages"}],"about":[{"href":"http:\/\/www.artdent.si\/de\/wp-json\/wp\/v2\/types\/page"}],"author":[{"embeddable":true,"href":"http:\/\/www.artdent.si\/de\/wp-json\/wp\/v2\/users\/1"}],"replies":[{"embeddable":true,"href":"http:\/\/www.artdent.si\/de\/wp-json\/wp\/v2\/comments?post=42"}],"version-history":[{"count":1,"href":"http:\/\/www.artdent.si\/de\/wp-json\/wp\/v2\/pages\/42\/revisions"}],"predecessor-version":[{"id":43,"href":"http:\/\/www.artdent.si\/de\/wp-json\/wp\/v2\/pages\/42\/revisions\/43"}],"wp:attachment":[{"href":"http:\/\/www.artdent.si\/de\/wp-json\/wp\/v2\/media?parent=42"}],"curies":[{"name":"wp","href":"https:\/\/api.w.org\/{rel}","templated":true}]}}