{"id":46,"date":"2019-05-25T12:22:15","date_gmt":"2019-05-25T10:22:15","guid":{"rendered":"http:\/\/www.artdent.si\/de\/?page_id=46"},"modified":"2019-05-25T12:22:16","modified_gmt":"2019-05-25T10:22:16","slug":"zahlungsmoeglichkeiten","status":"publish","type":"page","link":"http:\/\/www.artdent.si\/de\/zahlungsmoeglichkeiten\/","title":{"rendered":"Zahlungsm\u00f6glichkeiten"},"content":{"rendered":"\n<h4 class=\"wp-block-heading\">Sie k\u00f6nnen f\u00fcr zahn\u00e4rztliche Leistungen bezahlen:<\/h4>\n\n\n\n<ul><li>mit Bargeld,<\/li><li>mit Bankkarten,<\/li><li>mit Kreditkarten,<\/li><li>bei Einzahlung auf ein Transaktionskonto.<\/li><\/ul>\n","protected":false},"excerpt":{"rendered":"<p>Sie k\u00f6nnen f\u00fcr zahn\u00e4rztliche Leistungen bezahlen: mit Bargeld, mit Bankkarten, mit Kreditkarten, bei Einzahlung auf ein Transaktionskonto.<\/p>\n","protected":false},"author":1,"featured_media":0,"parent":0,"menu_order":0,"comment_status":"closed","ping_status":"closed","template":"","meta":[],"_links":{"self":[{"href":"http:\/\/www.artdent.si\/de\/wp-json\/wp\/v2\/pages\/46"}],"collection":[{"href":"http:\/\/www.artdent.si\/de\/wp-json\/wp\/v2\/pages"}],"about":[{"href":"http:\/\/www.artdent.si\/de\/wp-json\/wp\/v2\/types\/page"}],"author":[{"embeddable":true,"href":"http:\/\/www.artdent.si\/de\/wp-json\/wp\/v2\/users\/1"}],"replies":[{"embeddable":true,"href":"http:\/\/www.artdent.si\/de\/wp-json\/wp\/v2\/comments?post=46"}],"version-history":[{"count":1,"href":"http:\/\/www.artdent.si\/de\/wp-json\/wp\/v2\/pages\/46\/revisions"}],"predecessor-version":[{"id":47,"href":"http:\/\/www.artdent.si\/de\/wp-json\/wp\/v2\/pages\/46\/revisions\/47"}],"wp:attachment":[{"href":"http:\/\/www.artdent.si\/de\/wp-json\/wp\/v2\/media?parent=46"}],"curies":[{"name":"wp","href":"https:\/\/api.w.org\/{rel}","templated":true}]}}