{"id":48,"date":"2019-05-25T12:25:18","date_gmt":"2019-05-25T10:25:18","guid":{"rendered":"http:\/\/www.artdent.si\/de\/?page_id=48"},"modified":"2019-05-25T12:25:59","modified_gmt":"2019-05-25T10:25:59","slug":"zahnfuellungen","status":"publish","type":"page","link":"http:\/\/www.artdent.si\/de\/zahnfuellungen\/","title":{"rendered":"Zahnf\u00fcllungen"},"content":{"rendered":"\n<p>Bei der Herstellung\nvon Zahnf\u00fcllungen verwenden wir vorwiegend Komposite, auf Wunsch aber auch das\nStandartf\u00fcllmaterial Amalgam. <\/p>\n\n\n\n<p>\u00dcberwiegend fertigen wir wei\u00dfe Zahnf\u00fcllungen bzw. Zahnf\u00fcllungen mit auf den Patienten exakt angepasster Zahnf\u00e4rbung an. Das Herstellungsverfahren wei\u00dfer Zahnf\u00fcllungen schont die gesunde Zahnsubstanz da es nur ein minimales Beschleifen erfordert. <\/p>\n\n\n\n<p>Die F\u00fcllung enth\u00e4lt keine gesundheitssch\u00e4dlichen Schwermetalle wie z.B. Quecksilber (Hg). Die \u00c4sthetik der wei\u00dfen Zahnf\u00fcllung ist unvergleichbar besser als die der klassischen Amalgamf\u00fcllung (schwarze Plombe) und die Haltbarkeit ist l\u00e4nger, was eine eventuelle prothetische Zahnbehandlung aufschiebt. <\/p>\n\n\n\n<figure class=\"wp-block-image\"><a href=\"http:\/\/www.artdent.si\/wp-content\/uploads\/2012\/10\/slika9.png\"><img decoding=\"async\" src=\"http:\/\/www.artdent.si\/wp-content\/uploads\/2012\/10\/slika9-300x192.png\" alt=\"\" class=\"wp-image-164\"\/><\/a><\/figure>\n\n\n\n<figure class=\"wp-block-image\"><a href=\"http:\/\/www.artdent.si\/wp-content\/uploads\/2012\/10\/slika1.png\"><img decoding=\"async\" src=\"http:\/\/www.artdent.si\/wp-content\/uploads\/2012\/10\/slika1-300x192.png\" alt=\"\" class=\"wp-image-156\"\/><\/a><\/figure>\n","protected":false},"excerpt":{"rendered":"<p>Bei der Herstellung von Zahnf\u00fcllungen verwenden wir vorwiegend Komposite, auf Wunsch aber auch das Standartf\u00fcllmaterial Amalgam. \u00dcberwiegend fertigen wir wei\u00dfe Zahnf\u00fcllungen bzw. Zahnf\u00fcllungen mit auf den Patienten exakt angepasster Zahnf\u00e4rbung an. Das Herstellungsverfahren wei\u00dfer Zahnf\u00fcllungen schont die gesunde Zahnsubstanz da es nur ein minimales Beschleifen erfordert. Die F\u00fcllung enth\u00e4lt keine gesundheitssch\u00e4dlichen Schwermetalle wie z.B. Quecksilber [&hellip;]<\/p>\n","protected":false},"author":1,"featured_media":0,"parent":0,"menu_order":0,"comment_status":"closed","ping_status":"closed","template":"","meta":[],"_links":{"self":[{"href":"http:\/\/www.artdent.si\/de\/wp-json\/wp\/v2\/pages\/48"}],"collection":[{"href":"http:\/\/www.artdent.si\/de\/wp-json\/wp\/v2\/pages"}],"about":[{"href":"http:\/\/www.artdent.si\/de\/wp-json\/wp\/v2\/types\/page"}],"author":[{"embeddable":true,"href":"http:\/\/www.artdent.si\/de\/wp-json\/wp\/v2\/users\/1"}],"replies":[{"embeddable":true,"href":"http:\/\/www.artdent.si\/de\/wp-json\/wp\/v2\/comments?post=48"}],"version-history":[{"count":2,"href":"http:\/\/www.artdent.si\/de\/wp-json\/wp\/v2\/pages\/48\/revisions"}],"predecessor-version":[{"id":50,"href":"http:\/\/www.artdent.si\/de\/wp-json\/wp\/v2\/pages\/48\/revisions\/50"}],"wp:attachment":[{"href":"http:\/\/www.artdent.si\/de\/wp-json\/wp\/v2\/media?parent=48"}],"curies":[{"name":"wp","href":"https:\/\/api.w.org\/{rel}","templated":true}]}}