{"id":5,"date":"2019-05-25T09:43:18","date_gmt":"2019-05-25T07:43:18","guid":{"rendered":"http:\/\/www.artdent.si\/de\/?page_id=5"},"modified":"2019-05-25T09:45:14","modified_gmt":"2019-05-25T07:45:14","slug":"wartezeiten","status":"publish","type":"page","link":"http:\/\/www.artdent.si\/de\/wartezeiten\/","title":{"rendered":"Wartezeiten"},"content":{"rendered":"\n<ul><li>Keine Wartezeit bei Erstuntersuchung und in dringenden F\u00e4llen<\/li><li>Patienten mit Privatversicherung: 10 Tage<\/li><li>Kinder: 30 Tage<\/li><li>Erwachsene: 5 Monate<\/li><li>Prothetik: 2,5 Jahre <\/li><\/ul>\n\n\n\n<p>Verantwortlich f\u00fcr die elektronische Warteliste: <br><strong>Ksenija Braji\u0107<\/strong>, Zahnmedizinische Fachassistentin <\/p>\n\n\n\n<p>Anzahl der\nregistrierten Kassenpatienten: 2228<\/p>\n\n\n\n<p>Die Eintragung in\ndie Warteliste f\u00fcr Prothetik erfolgt nach abgeschlossener Zahnsanierung.<\/p>\n\n\n\n<p>Einblick in die Wartezeiten \u00fcber die Webseite der gesetzlichen Krankenversicherung <a href=\"http:\/\/www.zzzs.si\">ZZZS <\/a>und <a href=\"http:\/\/www.ivz.si\/\">IVZ<\/a>.<\/p>\n","protected":false},"excerpt":{"rendered":"<p>Keine Wartezeit bei Erstuntersuchung und in dringenden F\u00e4llen Patienten mit Privatversicherung: 10 Tage Kinder: 30 Tage Erwachsene: 5 Monate Prothetik: 2,5 Jahre Verantwortlich f\u00fcr die elektronische Warteliste: Ksenija Braji\u0107, Zahnmedizinische Fachassistentin Anzahl der registrierten Kassenpatienten: 2228 Die Eintragung in die Warteliste f\u00fcr Prothetik erfolgt nach abgeschlossener Zahnsanierung. Einblick in die Wartezeiten \u00fcber die Webseite der [&hellip;]<\/p>\n","protected":false},"author":1,"featured_media":0,"parent":0,"menu_order":0,"comment_status":"closed","ping_status":"closed","template":"","meta":[],"_links":{"self":[{"href":"http:\/\/www.artdent.si\/de\/wp-json\/wp\/v2\/pages\/5"}],"collection":[{"href":"http:\/\/www.artdent.si\/de\/wp-json\/wp\/v2\/pages"}],"about":[{"href":"http:\/\/www.artdent.si\/de\/wp-json\/wp\/v2\/types\/page"}],"author":[{"embeddable":true,"href":"http:\/\/www.artdent.si\/de\/wp-json\/wp\/v2\/users\/1"}],"replies":[{"embeddable":true,"href":"http:\/\/www.artdent.si\/de\/wp-json\/wp\/v2\/comments?post=5"}],"version-history":[{"count":2,"href":"http:\/\/www.artdent.si\/de\/wp-json\/wp\/v2\/pages\/5\/revisions"}],"predecessor-version":[{"id":7,"href":"http:\/\/www.artdent.si\/de\/wp-json\/wp\/v2\/pages\/5\/revisions\/7"}],"wp:attachment":[{"href":"http:\/\/www.artdent.si\/de\/wp-json\/wp\/v2\/media?parent=5"}],"curies":[{"name":"wp","href":"https:\/\/api.w.org\/{rel}","templated":true}]}}