{"id":51,"date":"2019-05-25T12:33:45","date_gmt":"2019-05-25T10:33:45","guid":{"rendered":"http:\/\/www.artdent.si\/de\/?page_id=51"},"modified":"2019-05-25T12:33:46","modified_gmt":"2019-05-25T10:33:46","slug":"firmendaten","status":"publish","type":"page","link":"http:\/\/www.artdent.si\/de\/firmendaten\/","title":{"rendered":"Firmendaten"},"content":{"rendered":"\n<p><strong>ZZ Artdent Bled<\/strong>,<br>Kolodvorska 3 c,<br>4260 &#8211; Bled<\/p>\n\n\n\n<p><strong>PE Jesenice<\/strong>,<br>Titova 78,<br>4270 &#8211; Jesenice<\/p>\n\n\n\n<p>Steuernummer: <strong>96938714<\/strong><\/p>\n\n\n\n<p>IBAN: <strong>SI56 2900 0005 0468 569<\/strong>, Unicredit Banka<\/p>\n\n\n\n<p>Identifikationsnummer: <strong>6116647<\/strong><\/p>\n\n\n\n<p>Telefon: <strong>+386 (0)4 \/ 586 81 10<\/strong><\/p>\n\n\n\n<p>E-Mail: <a href=\"maito:domen.jensterle@s5.net\">maito:domen.jensterle@s5.net<\/a><\/p>\n\n\n\n<p>Webseite: <a href=\"http:\/\/www.artdent.si\/wp-admin\/www.artdent.si\">www.artdent.si<\/a><\/p>\n\n\n\n<p> Gesch\u00e4ftsf\u00fchrerin: <strong>Darja Jensterle<\/strong>, \u00d6konomin <\/p>\n","protected":false},"excerpt":{"rendered":"<p>ZZ Artdent Bled,Kolodvorska 3 c,4260 &#8211; Bled PE Jesenice,Titova 78,4270 &#8211; Jesenice Steuernummer: 96938714 IBAN: SI56 2900 0005 0468 569, Unicredit Banka Identifikationsnummer: 6116647 Telefon: +386 (0)4 \/ 586 81 10 E-Mail: maito:domen.jensterle@s5.net Webseite: www.artdent.si Gesch\u00e4ftsf\u00fchrerin: Darja Jensterle, \u00d6konomin<\/p>\n","protected":false},"author":1,"featured_media":0,"parent":0,"menu_order":0,"comment_status":"closed","ping_status":"closed","template":"","meta":[],"_links":{"self":[{"href":"http:\/\/www.artdent.si\/de\/wp-json\/wp\/v2\/pages\/51"}],"collection":[{"href":"http:\/\/www.artdent.si\/de\/wp-json\/wp\/v2\/pages"}],"about":[{"href":"http:\/\/www.artdent.si\/de\/wp-json\/wp\/v2\/types\/page"}],"author":[{"embeddable":true,"href":"http:\/\/www.artdent.si\/de\/wp-json\/wp\/v2\/users\/1"}],"replies":[{"embeddable":true,"href":"http:\/\/www.artdent.si\/de\/wp-json\/wp\/v2\/comments?post=51"}],"version-history":[{"count":1,"href":"http:\/\/www.artdent.si\/de\/wp-json\/wp\/v2\/pages\/51\/revisions"}],"predecessor-version":[{"id":52,"href":"http:\/\/www.artdent.si\/de\/wp-json\/wp\/v2\/pages\/51\/revisions\/52"}],"wp:attachment":[{"href":"http:\/\/www.artdent.si\/de\/wp-json\/wp\/v2\/media?parent=51"}],"curies":[{"name":"wp","href":"https:\/\/api.w.org\/{rel}","templated":true}]}}