{"id":53,"date":"2019-05-25T12:37:01","date_gmt":"2019-05-25T10:37:01","guid":{"rendered":"http:\/\/www.artdent.si\/de\/?page_id=53"},"modified":"2019-05-25T12:37:01","modified_gmt":"2019-05-25T10:37:01","slug":"erstuntersuchung-und-beratung","status":"publish","type":"page","link":"http:\/\/www.artdent.si\/de\/erstuntersuchung-und-beratung\/","title":{"rendered":"Erstuntersuchung und -beratung"},"content":{"rendered":"\n<p>Die erste\nUntersuchung und Beratung sind kostenfrei. Nach der Anamnese erfolgt eine\nsorgf\u00e4ltige Untersuchung der Mundh\u00f6hle, der Befund wird mit einer R\u00f6ntgenaufnahme\nkomplettiert und ein neuer Termin vereinbart. Bei Bedarf werden notwendige\nmedizinische Eingriffe unverz\u00fcglich durchgef\u00fchrt. <\/p>\n\n\n\n<p>Wir beraten den\nPatienten \u00fcber effektive Mundhygiene, Zahnputztechnik und kl\u00e4ren \u00fcber die\nWichtigkeit der Entfernung von Zahnbelag auf. Besondere Aufmerksamkeit widmen\nwir regelm\u00e4\u00dfigen Kontrolluntersuchungen. <\/p>\n","protected":false},"excerpt":{"rendered":"<p>Die erste Untersuchung und Beratung sind kostenfrei. Nach der Anamnese erfolgt eine sorgf\u00e4ltige Untersuchung der Mundh\u00f6hle, der Befund wird mit einer R\u00f6ntgenaufnahme komplettiert und ein neuer Termin vereinbart. Bei Bedarf werden notwendige medizinische Eingriffe unverz\u00fcglich durchgef\u00fchrt. Wir beraten den Patienten \u00fcber effektive Mundhygiene, Zahnputztechnik und kl\u00e4ren \u00fcber die Wichtigkeit der Entfernung von Zahnbelag auf. Besondere [&hellip;]<\/p>\n","protected":false},"author":1,"featured_media":0,"parent":0,"menu_order":0,"comment_status":"closed","ping_status":"closed","template":"","meta":[],"_links":{"self":[{"href":"http:\/\/www.artdent.si\/de\/wp-json\/wp\/v2\/pages\/53"}],"collection":[{"href":"http:\/\/www.artdent.si\/de\/wp-json\/wp\/v2\/pages"}],"about":[{"href":"http:\/\/www.artdent.si\/de\/wp-json\/wp\/v2\/types\/page"}],"author":[{"embeddable":true,"href":"http:\/\/www.artdent.si\/de\/wp-json\/wp\/v2\/users\/1"}],"replies":[{"embeddable":true,"href":"http:\/\/www.artdent.si\/de\/wp-json\/wp\/v2\/comments?post=53"}],"version-history":[{"count":1,"href":"http:\/\/www.artdent.si\/de\/wp-json\/wp\/v2\/pages\/53\/revisions"}],"predecessor-version":[{"id":54,"href":"http:\/\/www.artdent.si\/de\/wp-json\/wp\/v2\/pages\/53\/revisions\/54"}],"wp:attachment":[{"href":"http:\/\/www.artdent.si\/de\/wp-json\/wp\/v2\/media?parent=53"}],"curies":[{"name":"wp","href":"https:\/\/api.w.org\/{rel}","templated":true}]}}