{"id":55,"date":"2019-05-25T12:41:54","date_gmt":"2019-05-25T10:41:54","guid":{"rendered":"http:\/\/www.artdent.si\/de\/?page_id=55"},"modified":"2019-05-25T12:41:55","modified_gmt":"2019-05-25T10:41:55","slug":"herausnehmbare-zahnersatz","status":"publish","type":"page","link":"http:\/\/www.artdent.si\/de\/herausnehmbare-zahnersatz\/","title":{"rendered":"Herausnehmbare Zahnersatz"},"content":{"rendered":"\n<p>Wenn ihr Zahnbefund\nkeinen fixen Zahnersatz erlaubt und sie sich nicht f\u00fcr ein Implantat\nentscheiden, k\u00f6nnen die fehlenden Z\u00e4hne mit einer Total- oder Teilprothese\nersetzt werden.<\/p>\n\n\n\n<p>Wir fertigen\nverschiedene Prothesen an:<\/p>\n\n\n\n<ul><li>Totalprothesen aus Acrylat <\/li><li>Teilprothesen aus Acrylat&nbsp; <\/li><li>Gegossene Metallprothesen mit\nsichtbarer Klammer&nbsp; <\/li><li>Gegossene Metallprothesen ohne\nsichtbare Klemmer <\/li><\/ul>\n\n\n\n<figure class=\"wp-block-image\"><a href=\"http:\/\/www.artdent.si\/wp-content\/uploads\/2012\/10\/slika5.png\"><img decoding=\"async\" src=\"http:\/\/www.artdent.si\/wp-content\/uploads\/2012\/10\/slika5-300x192.png\" alt=\"\" class=\"wp-image-160\"\/><\/a><\/figure>\n\n\n\n<figure class=\"wp-block-image\"><a href=\"http:\/\/www.artdent.si\/wp-content\/uploads\/2012\/10\/slika4.png\"><img decoding=\"async\" src=\"http:\/\/www.artdent.si\/wp-content\/uploads\/2012\/10\/slika4-300x192.png\" alt=\"\" class=\"wp-image-159\"\/><\/a><\/figure>\n\n\n\n<p>Die Zahnprothesen werden f\u00fcr uns von einem Dentallabor hergestellt. (<a rel=\"noreferrer noopener\" href=\"http:\/\/dc-zobek.com\/\" target=\"_blank\">DC Zobek d.o.o<\/a>)<\/p>\n\n\n\n<p><\/p>\n","protected":false},"excerpt":{"rendered":"<p>Wenn ihr Zahnbefund keinen fixen Zahnersatz erlaubt und sie sich nicht f\u00fcr ein Implantat entscheiden, k\u00f6nnen die fehlenden Z\u00e4hne mit einer Total- oder Teilprothese ersetzt werden. Wir fertigen verschiedene Prothesen an: Totalprothesen aus Acrylat Teilprothesen aus Acrylat&nbsp; Gegossene Metallprothesen mit sichtbarer Klammer&nbsp; Gegossene Metallprothesen ohne sichtbare Klemmer Die Zahnprothesen werden f\u00fcr uns von einem Dentallabor [&hellip;]<\/p>\n","protected":false},"author":1,"featured_media":0,"parent":0,"menu_order":0,"comment_status":"closed","ping_status":"closed","template":"","meta":[],"_links":{"self":[{"href":"http:\/\/www.artdent.si\/de\/wp-json\/wp\/v2\/pages\/55"}],"collection":[{"href":"http:\/\/www.artdent.si\/de\/wp-json\/wp\/v2\/pages"}],"about":[{"href":"http:\/\/www.artdent.si\/de\/wp-json\/wp\/v2\/types\/page"}],"author":[{"embeddable":true,"href":"http:\/\/www.artdent.si\/de\/wp-json\/wp\/v2\/users\/1"}],"replies":[{"embeddable":true,"href":"http:\/\/www.artdent.si\/de\/wp-json\/wp\/v2\/comments?post=55"}],"version-history":[{"count":1,"href":"http:\/\/www.artdent.si\/de\/wp-json\/wp\/v2\/pages\/55\/revisions"}],"predecessor-version":[{"id":56,"href":"http:\/\/www.artdent.si\/de\/wp-json\/wp\/v2\/pages\/55\/revisions\/56"}],"wp:attachment":[{"href":"http:\/\/www.artdent.si\/de\/wp-json\/wp\/v2\/media?parent=55"}],"curies":[{"name":"wp","href":"https:\/\/api.w.org\/{rel}","templated":true}]}}