{"id":65,"date":"2019-05-25T13:21:36","date_gmt":"2019-05-25T11:21:36","guid":{"rendered":"http:\/\/www.artdent.si\/de\/?page_id=65"},"modified":"2019-05-25T13:21:37","modified_gmt":"2019-05-25T11:21:37","slug":"roentgenaufnahmen-der-blick-unter-die-zahnoberflaeche","status":"publish","type":"page","link":"http:\/\/www.artdent.si\/de\/roentgenaufnahmen-der-blick-unter-die-zahnoberflaeche\/","title":{"rendered":"R\u00f6ntgenaufnahmen \u2013 der Blick unter die Zahnoberfl\u00e4che"},"content":{"rendered":"\n<p>Bei der\nUntersuchung der Mundh\u00f6hle kann der Zahnarzt mit dem freien Auge den\n\u00e4u\u00dferlichen Zustand der Z\u00e4hne und Mundh\u00f6hle erkennen, f\u00fcr die Augen unsichtbar dagegen\nsind Prozesse unter dem Zahnschmelz und im Dentin, aber auch Ver\u00e4nderungen im\nKnochengewebe, an der Zahnwurzel und im Umfeld davon. Das Dentalr\u00f6ntgen gibt\nuns wichtige Zusatzinformationen zum Zustand von Strukturen und Gewebe in der Mundh\u00f6hle,\ndie f\u00fcr das freie Auge nicht sichtbar sind. R\u00f6ntgenaufnahmen werden f\u00fcr <strong>Artdent Bled<\/strong> vom Gesundheitszentrum\nBled (GZ Bled) durchgef\u00fchrt, wo die neueste und modernste digitale\nR\u00f6ntgentechnik zur Verf\u00fcgung steht.<\/p>\n\n\n\n<p>\u00d6ffnungszeit Dentalr\u00f6ntgen GZ Bled:  <\/p>\n\n\n\n<table class=\"wp-block-table\"><tbody><tr><td>Montag<\/td><td>14:00 &#8211; 18.00<\/td><\/tr><tr><td>Dienstag<\/td><td> 8.00&nbsp; &#8211;&nbsp; 12.00<\/td><\/tr><tr><td>Mittwoch<\/td><td> 8.00&nbsp; &#8211;&nbsp; 12.00<\/td><\/tr><tr><td>Donnerstag<\/td><td> 8.00&nbsp; &#8211;&nbsp; 12.00<\/td><\/tr><tr><td>Freitag<\/td><td> 8.00&nbsp; &#8211;&nbsp; 12.00<\/td><\/tr><\/tbody><\/table>\n\n\n\n<p>Anmeldung f\u00fcr Orthopan(omogramm) 12.00-13:00 Uhr\u00a0<br>Telefon: +386 (0)4 586 81 02<\/p>\n\n\n\n<figure class=\"wp-block-image\"><a href=\"http:\/\/www.artdent.si\/wp-content\/uploads\/2012\/10\/slika11.png\"><img decoding=\"async\" src=\"http:\/\/www.artdent.si\/wp-content\/uploads\/2012\/10\/slika11-300x192.png\" alt=\"\" class=\"wp-image-166\"\/><\/a><\/figure>\n\n\n\n<figure class=\"wp-block-image\"><a href=\"http:\/\/www.artdent.si\/wp-content\/uploads\/2012\/10\/slika10.png\"><img decoding=\"async\" src=\"http:\/\/www.artdent.si\/wp-content\/uploads\/2012\/10\/slika10-300x192.png\" alt=\"\" class=\"wp-image-165\"\/><\/a><\/figure>\n","protected":false},"excerpt":{"rendered":"<p>Bei der Untersuchung der Mundh\u00f6hle kann der Zahnarzt mit dem freien Auge den \u00e4u\u00dferlichen Zustand der Z\u00e4hne und Mundh\u00f6hle erkennen, f\u00fcr die Augen unsichtbar dagegen sind Prozesse unter dem Zahnschmelz und im Dentin, aber auch Ver\u00e4nderungen im Knochengewebe, an der Zahnwurzel und im Umfeld davon. Das Dentalr\u00f6ntgen gibt uns wichtige Zusatzinformationen zum Zustand von Strukturen [&hellip;]<\/p>\n","protected":false},"author":1,"featured_media":0,"parent":0,"menu_order":0,"comment_status":"closed","ping_status":"closed","template":"","meta":[],"_links":{"self":[{"href":"http:\/\/www.artdent.si\/de\/wp-json\/wp\/v2\/pages\/65"}],"collection":[{"href":"http:\/\/www.artdent.si\/de\/wp-json\/wp\/v2\/pages"}],"about":[{"href":"http:\/\/www.artdent.si\/de\/wp-json\/wp\/v2\/types\/page"}],"author":[{"embeddable":true,"href":"http:\/\/www.artdent.si\/de\/wp-json\/wp\/v2\/users\/1"}],"replies":[{"embeddable":true,"href":"http:\/\/www.artdent.si\/de\/wp-json\/wp\/v2\/comments?post=65"}],"version-history":[{"count":1,"href":"http:\/\/www.artdent.si\/de\/wp-json\/wp\/v2\/pages\/65\/revisions"}],"predecessor-version":[{"id":67,"href":"http:\/\/www.artdent.si\/de\/wp-json\/wp\/v2\/pages\/65\/revisions\/67"}],"wp:attachment":[{"href":"http:\/\/www.artdent.si\/de\/wp-json\/wp\/v2\/media?parent=65"}],"curies":[{"name":"wp","href":"https:\/\/api.w.org\/{rel}","templated":true}]}}