{"id":71,"date":"2019-05-25T17:00:04","date_gmt":"2019-05-25T15:00:04","guid":{"rendered":"http:\/\/www.artdent.si\/de\/?page_id=71"},"modified":"2019-05-25T17:01:29","modified_gmt":"2019-05-25T15:01:29","slug":"bestellung","status":"publish","type":"page","link":"http:\/\/www.artdent.si\/de\/bestellung\/","title":{"rendered":"Bestellung"},"content":{"rendered":"\n<h4 class=\"wp-block-heading\">Telefonische Bestellung:<\/h4>\n\n\n\n<p>Telefonische Bestellung unter nr. <strong>+386 (0)4 586 81 10<\/strong> wird im Rahmen der B\u00fcrozeit, n\u00e4mlich 4 Arbeitsstunden, zur Verf\u00fcgung gestellt:<\/p>\n\n\n\n<table class=\"wp-block-table\"><tbody><tr><td>Montag<\/td><td>14:00 &#8211; 18:00<\/td><\/tr><tr><td>Dienstag<\/td><td>14:00 &#8211; 18:00<\/td><\/tr><tr><td>Mittwoch<\/td><td>7:00 &#8211; 11:00<\/td><\/tr><tr><td>Donnerstag<\/td><td>7:00 &#8211; 11:00<\/td><\/tr><tr><td>Freitag<\/td><td>7:00 &#8211; 11:00<\/td><\/tr><\/tbody><\/table>\n\n\n\n<h4 class=\"wp-block-heading\">Elektronische Bestellung:\u00a0 \u00a0\u00a0<\/h4>\n\n\n\n<h4 class=\"wp-block-heading\"><a href=\"mailto:info@artdent.si\">info@artdent.si<\/a><\/h4>\n\n\n\n<h4 class=\"wp-block-heading\">Pers\u00f6nliche Bestellung<strong>:<\/strong><\/h4>\n\n\n\n<p>In der Ambulanz. Adresse: Titova 78, Jesenice<\/p>\n\n\n\n<h4 class=\"wp-block-heading\">Bestellung per Mail<strong>:\u00a0<\/strong>\u00a0<\/h4>\n\n\n\n<p>ZZ Artdent Bled, Kolodvorska 3 c, 4260 Bled, Slovenija<\/p>\n\n\n\n<p>Verantwortlich f\u00fcr die Bestellung: Ksenija Braji\u010d,  Zahnmedizinische-Fachassistentin<\/p>\n\n\n\n<p><strong>Abonnierte Patienten haben Vorrang vor ungeplanten Patienten!<\/strong><\/p>\n\n\n\n<p>Izven ordinacijskega \u010dasa poteka obve\u0161\u010danje o terminu za naro\u010danje in o ostalih na\u010dinih naro\u010danja preko avtomatskega telefonskega odzivnika.Au\u00dferhalb der B\u00fcrozeit erfolgt die Information \u00fcber den Termintermin und \u00fcber andere Bestellm\u00f6glichkeiten \u00fcber einen automatischen Anrufbeantworter.<\/p>\n","protected":false},"excerpt":{"rendered":"<p>Telefonische Bestellung: Telefonische Bestellung unter nr. +386 (0)4 586 81 10 wird im Rahmen der B\u00fcrozeit, n\u00e4mlich 4 Arbeitsstunden, zur Verf\u00fcgung gestellt: Montag 14:00 &#8211; 18:00 Dienstag 14:00 &#8211; 18:00 Mittwoch 7:00 &#8211; 11:00 Donnerstag 7:00 &#8211; 11:00 Freitag 7:00 &#8211; 11:00 Elektronische Bestellung:\u00a0 \u00a0\u00a0 info@artdent.si Pers\u00f6nliche Bestellung: In der Ambulanz. Adresse: Titova 78, Jesenice [&hellip;]<\/p>\n","protected":false},"author":1,"featured_media":0,"parent":0,"menu_order":0,"comment_status":"closed","ping_status":"closed","template":"","meta":[],"_links":{"self":[{"href":"http:\/\/www.artdent.si\/de\/wp-json\/wp\/v2\/pages\/71"}],"collection":[{"href":"http:\/\/www.artdent.si\/de\/wp-json\/wp\/v2\/pages"}],"about":[{"href":"http:\/\/www.artdent.si\/de\/wp-json\/wp\/v2\/types\/page"}],"author":[{"embeddable":true,"href":"http:\/\/www.artdent.si\/de\/wp-json\/wp\/v2\/users\/1"}],"replies":[{"embeddable":true,"href":"http:\/\/www.artdent.si\/de\/wp-json\/wp\/v2\/comments?post=71"}],"version-history":[{"count":3,"href":"http:\/\/www.artdent.si\/de\/wp-json\/wp\/v2\/pages\/71\/revisions"}],"predecessor-version":[{"id":74,"href":"http:\/\/www.artdent.si\/de\/wp-json\/wp\/v2\/pages\/71\/revisions\/74"}],"wp:attachment":[{"href":"http:\/\/www.artdent.si\/de\/wp-json\/wp\/v2\/media?parent=71"}],"curies":[{"name":"wp","href":"https:\/\/api.w.org\/{rel}","templated":true}]}}